{"id":41,"date":"2020-11-10T08:44:23","date_gmt":"2020-11-10T08:44:23","guid":{"rendered":"http:\/\/sw-themes.com\/porto_dummy\/?page_id=41"},"modified":"2023-10-09T20:42:53","modified_gmt":"2023-10-09T20:42:53","slug":"contact-us","status":"publish","type":"page","link":"https:\/\/fajasdannas.us\/index.php\/contact-us\/","title":{"rendered":"Contacto"},"content":{"rendered":"\t\t<div data-elementor-type=\"wp-page\" data-elementor-id=\"41\" class=\"elementor elementor-41\">\n\t\t\t\t\t\t<section class=\"elementor-section elementor-top-section elementor-element elementor-element-389d089 elementor-section-full_width elementor-section-height-default elementor-section-height-default\" data-id=\"389d089\" data-element_type=\"section\" data-e-type=\"section\">\n\t\t\t\t\t\t<div class=\"elementor-container elementor-column-gap-no\">\n\t\t\t\t\t<div class=\"elementor-column elementor-col-100 elementor-top-column elementor-element elementor-element-aafeeb5\" data-id=\"aafeeb5\" data-element_type=\"column\" data-e-type=\"column\">\n\t\t\t<div class=\"elementor-widget-wrap elementor-element-populated\">\n\t\t\t\t\t\t<div class=\"elementor-element elementor-element-b4de077 elementor-widget elementor-widget-google_maps\" data-id=\"b4de077\" data-element_type=\"widget\" data-e-type=\"widget\" data-widget_type=\"google_maps.default\">\n\t\t\t\t<div class=\"elementor-widget-container\">\n\t\t\t\t\t\t\t<div class=\"elementor-custom-embed\">\n\t\t\t<iframe loading=\"lazy\"\n\t\t\t\t\tsrc=\"https:\/\/maps.google.com\/maps?q=3801%20N%20University%20dr%20Suite%20303%20B%20Sunrise%20Fl%203335&#038;t=m&#038;z=10&#038;output=embed&#038;iwloc=near\"\n\t\t\t\t\ttitle=\"3801 N University dr Suite 303 B Sunrise Fl 3335\"\n\t\t\t\t\taria-label=\"3801 N University dr Suite 303 B Sunrise Fl 3335\"\n\t\t\t><\/iframe>\n\t\t<\/div>\n\t\t\t\t\t\t<\/div>\n\t\t\t\t<\/div>\n\t\t\t\t\t<\/div>\n\t\t<\/div>\n\t\t\t\t\t<\/div>\n\t\t<\/section>\n\t\t\t\t<section class=\"elementor-section elementor-top-section elementor-element elementor-element-6287581 p-t-xl mt-1 elementor-section-boxed elementor-section-height-default elementor-section-height-default\" data-id=\"6287581\" data-element_type=\"section\" data-e-type=\"section\">\n\t\t\t\t\t\t<div class=\"elementor-container elementor-column-gap-default\">\n\t\t\t\t\t<div class=\"elementor-column elementor-col-100 elementor-top-column elementor-element elementor-element-c60c151\" data-id=\"c60c151\" data-element_type=\"column\" data-e-type=\"column\">\n\t\t\t<div class=\"elementor-widget-wrap elementor-element-populated\">\n\t\t\t\t\t\t<section class=\"elementor-section elementor-inner-section elementor-element elementor-element-cc65316 elementor-section-boxed elementor-section-height-default elementor-section-height-default\" data-id=\"cc65316\" data-element_type=\"section\" data-e-type=\"section\">\n\t\t\t\t\t\t<div class=\"elementor-container elementor-column-gap-default\">\n\t\t\t\t\t<div class=\"elementor-column elementor-col-25 elementor-inner-column elementor-element elementor-element-9d4021d\" data-id=\"9d4021d\" data-element_type=\"column\" data-e-type=\"column\">\n\t\t\t<div class=\"elementor-widget-wrap\">\n\t\t\t\t\t\t\t<\/div>\n\t\t<\/div>\n\t\t\t\t<div class=\"elementor-column elementor-col-25 elementor-inner-column elementor-element elementor-element-eaf8a94\" data-id=\"eaf8a94\" data-element_type=\"column\" data-e-type=\"column\">\n\t\t\t<div class=\"elementor-widget-wrap\">\n\t\t\t\t\t\t\t<\/div>\n\t\t<\/div>\n\t\t\t\t<div class=\"elementor-column elementor-col-25 elementor-inner-column elementor-element elementor-element-35e0cb0\" data-id=\"35e0cb0\" data-element_type=\"column\" data-e-type=\"column\">\n\t\t\t<div class=\"elementor-widget-wrap\">\n\t\t\t\t\t\t\t<\/div>\n\t\t<\/div>\n\t\t\t\t<div class=\"elementor-column elementor-col-25 elementor-inner-column elementor-element elementor-element-cdf7ba1\" data-id=\"cdf7ba1\" data-element_type=\"column\" data-e-type=\"column\">\n\t\t\t<div class=\"elementor-widget-wrap\">\n\t\t\t\t\t\t\t<\/div>\n\t\t<\/div>\n\t\t\t\t\t<\/div>\n\t\t<\/section>\n\t\t\t\t<div class=\"elementor-element elementor-element-e9f5bf0 elementor-widget-divider--view-line elementor-widget elementor-widget-divider\" data-id=\"e9f5bf0\" data-element_type=\"widget\" data-e-type=\"widget\" data-widget_type=\"divider.default\">\n\t\t\t\t<div class=\"elementor-widget-container\">\n\t\t\t\t\t\t\t<div class=\"elementor-divider\">\n\t\t\t<span class=\"elementor-divider-separator\">\n\t\t\t\t\t\t<\/span>\n\t\t<\/div>\n\t\t\t\t\t\t<\/div>\n\t\t\t\t<\/div>\n\t\t\t\t\t<\/div>\n\t\t<\/div>\n\t\t\t\t\t<\/div>\n\t\t<\/section>\n\t\t\t\t<section class=\"elementor-section elementor-top-section elementor-element elementor-element-5d20a98 m-b-xxl elementor-section-boxed elementor-section-height-default elementor-section-height-default\" data-id=\"5d20a98\" data-element_type=\"section\" data-e-type=\"section\">\n\t\t\t\t\t\t<div class=\"elementor-container elementor-column-gap-default\">\n\t\t\t\t\t<div class=\"elementor-column elementor-col-50 elementor-top-column elementor-element elementor-element-3eb887e\" data-id=\"3eb887e\" data-element_type=\"column\" data-e-type=\"column\">\n\t\t\t<div class=\"elementor-widget-wrap elementor-element-populated\">\n\t\t\t\t\t\t<div class=\"elementor-element elementor-element-f462df2 elementor-widget elementor-widget-heading\" data-id=\"f462df2\" data-element_type=\"widget\" data-e-type=\"widget\" data-widget_type=\"heading.default\">\n\t\t\t\t<div class=\"elementor-widget-container\">\n\t\t\t\t\t<h2 class=\"elementor-heading-title elementor-size-default\">Send Us a Message<\/h2>\t\t\t\t<\/div>\n\t\t\t\t<\/div>\n\t\t\t\t<div class=\"elementor-element elementor-element-a8493cc elementor-widget elementor-widget-shortcode\" data-id=\"a8493cc\" data-element_type=\"widget\" data-e-type=\"widget\" data-widget_type=\"shortcode.default\">\n\t\t\t\t<div class=\"elementor-widget-container\">\n\t\t\t\t\t\t\t<div class=\"elementor-shortcode\">[contact-form-7 id=\"2636\" title=\"Contact Form - Basic\"]<\/div>\n\t\t\t\t\t\t<\/div>\n\t\t\t\t<\/div>\n\t\t\t\t\t<\/div>\n\t\t<\/div>\n\t\t\t\t<div class=\"elementor-column elementor-col-50 elementor-top-column elementor-element elementor-element-37809ed\" data-id=\"37809ed\" data-element_type=\"column\" data-e-type=\"column\">\n\t\t\t<div class=\"elementor-widget-wrap elementor-element-populated\">\n\t\t\t\t\t\t<div class=\"elementor-element elementor-element-cbcc12a elementor-widget elementor-widget-heading\" data-id=\"cbcc12a\" data-element_type=\"widget\" data-e-type=\"widget\" data-widget_type=\"heading.default\">\n\t\t\t\t<div class=\"elementor-widget-container\">\n\t\t\t\t\t<h2 class=\"elementor-heading-title elementor-size-default\">Preguntas Frecuentes<\/h2>\t\t\t\t<\/div>\n\t\t\t\t<\/div>\n\t\t\t\t<div class=\"elementor-element elementor-element-982bbe3 elementor-widget elementor-widget-text-editor\" data-id=\"982bbe3\" data-element_type=\"widget\" data-e-type=\"widget\" data-widget_type=\"text-editor.default\">\n\t\t\t\t<div class=\"elementor-widget-container\">\n\t\t\t\t\t\t\t\t\t<p style=\"text-align: left;\">Si tienes problemas con cualquiera de estos puntos, ponte en contacto con nuestra \u00c1rea de Servicio al Cliente a trav\u00e9s de nuestro Sitio Web (www.fajasdannas.us), en nuestra l\u00ednea de Servicio al Cliente, ventas\u00a0 al +1 786 326 8781 Oficinas +1(786) 222-2590 Colombia whatsapp +57 312 351 2900 \/ +57 322 981 4713\u00a0 en nuestro Chat +1 786 326 8781 de lunes a viernes de 9:00 a.m. a 5:00 p.m., o trav\u00e9s de nuestro correo info@fajasdannas.us \/ fajasdannascom@gmail \/ fajasdannasdmg@yahoo.es\u00a0<\/p>\t\t\t\t\t\t\t\t<\/div>\n\t\t\t\t<\/div>\n\t\t\t\t<div class=\"elementor-element elementor-element-42f18f9 elementor-widget elementor-widget-toggle\" data-id=\"42f18f9\" data-element_type=\"widget\" data-e-type=\"widget\" data-widget_type=\"toggle.default\">\n\t\t\t\t<div class=\"elementor-widget-container\">\n\t\t\t\t\t\t\t<div class=\"elementor-toggle\">\n\t\t\t\t\t\t\t<div class=\"elementor-toggle-item\">\n\t\t\t\t\t<div id=\"elementor-tab-title-7011\" class=\"elementor-tab-title\" data-tab=\"1\" role=\"button\" aria-controls=\"elementor-tab-content-7011\" aria-expanded=\"false\">\n\t\t\t\t\t\t\t\t\t\t\t\t<span class=\"elementor-toggle-icon elementor-toggle-icon-left\" aria-hidden=\"true\">\n\t\t\t\t\t\t\t\t\t\t\t\t\t\t\t<span class=\"elementor-toggle-icon-closed\"><i class=\"fas fa-caret-right\"><\/i><\/span>\n\t\t\t\t\t\t\t\t<span class=\"elementor-toggle-icon-opened\"><i class=\"elementor-toggle-icon-opened fas fa-caret-up\"><\/i><\/span>\n\t\t\t\t\t\t\t\t\t\t\t\t\t<\/span>\n\t\t\t\t\t\t\t\t\t\t\t\t<a class=\"elementor-toggle-title\" tabindex=\"0\">\u00bfC\u00f3mo comprar?<\/a>\n\t\t\t\t\t<\/div>\n\n\t\t\t\t\t<div id=\"elementor-tab-content-7011\" class=\"elementor-tab-content elementor-clearfix\" data-tab=\"1\" role=\"region\" aria-labelledby=\"elementor-tab-title-7011\"><p style=\"text-align: left;\">Comprar en nuestro Sitio Web (www.fajasdannas.us) es muy f\u00e1cil.<\/p><p style=\"text-align: left;\">Busca el producto navegando en nuestro Sitio Web (www.fajasdannas.us), en cualquiera de las categor\u00edas del Men\u00fa, o utiliza la barra de b\u00fasqueda.<br \/>Da clic en el bot\u00f3n \u201cComprar\u201d para acceder a las caracter\u00edsticas del producto.<br \/>Selecciona la talla, el color y la cantidad que deseas. Agr\u00e9galo a tu carrito de compras dando clic en el bot\u00f3n \u201cAgregar a carrito\u201d.<br \/>Sigue navegando por el Sitio Web (www.fajasdannas.us) para seleccionar m\u00e1s productos.<br \/>Ve al \u201cCarrito de Compras\u201d, en la parte superior derecha de la p\u00e1gina y confirma el o los productos que vas a comprar.<br \/>Da clic en \u201cFINALIZAR COMPRA\u201d.<br \/>Ingresa tu correo electr\u00f3nico y da clic en CONTINUAR.<br \/>Ingresa toda la informaci\u00f3n requerida y da clic en CONTINUAR.<br \/>Elije el m\u00e9todo de pago que desees:<br \/>&#8211; Tarjeta de Cr\u00e9dito.<br \/>&#8211; SELLE cuenta de ahorros o cuenta corriente.<br \/>&#8211; Verifica el mensaje de confirmaci\u00f3n de tu compra y espera el correo de confirmaci\u00f3n.<br \/>&#8211; Recibe tu pedido en la puerta de tu casa y oficina.<br \/>Da clic en COMPRAR AHORA para finalizar tu compra.<br \/>\u00bfC\u00f3mo comprar desde mi Smartphone? \u00bb<br \/>Ingresa www.fajasdannas.us en el navegador de tu Smartphone y ser\u00e1s direccionado a nuestra versi\u00f3n m\u00f3vil donde podr\u00e1s comprar todo el portafolio de producto disponible en nuestra tienda virtual.<br \/>\u00bfEs seguro comprar en www.fajasdannas.us? \u00bb<br \/>Comprar en www.fajasdannas.us es completamente seguro, tambi\u00e9n es f\u00e1cil y r\u00e1pido. Nuestra plataforma tecnol\u00f3gica de comercio electr\u00f3nico nuestro aliado de pagos Stripe, cuentan con la certificaci\u00f3n PCI DSS para el manejo seguro de la informaci\u00f3n de tarjetas de cr\u00e9dito. Adicionalmente en nuestra pol\u00edtica de privacidad puedes consultar el manejo de tus datos personales.<br \/>\u00bfC\u00f3mo elijo la talla correcta? \u00bb<br \/>Usa la tabla de Gu\u00edas de Tallas en la cual se determina la talla de acuerdo al contorno de pecho, de cadera y estatura. Recuerda que tu talla puede variar dependiendo de la marca.<\/p><\/div>\n\t\t\t\t<\/div>\n\t\t\t\t\t\t\t<div class=\"elementor-toggle-item\">\n\t\t\t\t\t<div id=\"elementor-tab-title-7012\" class=\"elementor-tab-title\" data-tab=\"2\" role=\"button\" aria-controls=\"elementor-tab-content-7012\" aria-expanded=\"false\">\n\t\t\t\t\t\t\t\t\t\t\t\t<span class=\"elementor-toggle-icon elementor-toggle-icon-left\" aria-hidden=\"true\">\n\t\t\t\t\t\t\t\t\t\t\t\t\t\t\t<span class=\"elementor-toggle-icon-closed\"><i class=\"fas fa-caret-right\"><\/i><\/span>\n\t\t\t\t\t\t\t\t<span class=\"elementor-toggle-icon-opened\"><i class=\"elementor-toggle-icon-opened fas fa-caret-up\"><\/i><\/span>\n\t\t\t\t\t\t\t\t\t\t\t\t\t<\/span>\n\t\t\t\t\t\t\t\t\t\t\t\t<a class=\"elementor-toggle-title\" tabindex=\"0\">Precios<\/a>\n\t\t\t\t\t<\/div>\n\n\t\t\t\t\t<div id=\"elementor-tab-content-7012\" class=\"elementor-tab-content elementor-clearfix\" data-tab=\"2\" role=\"region\" aria-labelledby=\"elementor-tab-title-7012\"><p>Fajas Dannas cataloga sus lineas de precios de la siguiente manera.<br \/>Ventas al publico: por compras entre 1 a 12 prendas, con 0% de descuento.\u00a0<br \/>Ventas a minoristas: por compras entre 13 a 25 prendas, hasta un 12% de descuento.<br \/>Ventas a distribuidores: por compras entre 26 a 49 prendas, hasta un\u00a0 25% de descuento.<br \/>Ventas a mayoristas: por compras superiores a 50 prendas, hasta un 35% de descuento.<\/p><\/div>\n\t\t\t\t<\/div>\n\t\t\t\t\t\t\t<div class=\"elementor-toggle-item\">\n\t\t\t\t\t<div id=\"elementor-tab-title-7013\" class=\"elementor-tab-title\" data-tab=\"3\" role=\"button\" aria-controls=\"elementor-tab-content-7013\" aria-expanded=\"false\">\n\t\t\t\t\t\t\t\t\t\t\t\t<span class=\"elementor-toggle-icon elementor-toggle-icon-left\" aria-hidden=\"true\">\n\t\t\t\t\t\t\t\t\t\t\t\t\t\t\t<span class=\"elementor-toggle-icon-closed\"><i class=\"fas fa-caret-right\"><\/i><\/span>\n\t\t\t\t\t\t\t\t<span class=\"elementor-toggle-icon-opened\"><i class=\"elementor-toggle-icon-opened fas fa-caret-up\"><\/i><\/span>\n\t\t\t\t\t\t\t\t\t\t\t\t\t<\/span>\n\t\t\t\t\t\t\t\t\t\t\t\t<a class=\"elementor-toggle-title\" tabindex=\"0\">Envios, Costos de Envio.<\/a>\n\t\t\t\t\t<\/div>\n\n\t\t\t\t\t<div id=\"elementor-tab-content-7013\" class=\"elementor-tab-content elementor-clearfix\" data-tab=\"3\" role=\"region\" aria-labelledby=\"elementor-tab-title-7013\"><p>\u00bfCu\u00e1l es el tiempo y el costo del env\u00edo? \u00bb<br \/>El tiempo de entrega es de 6 a 12 d\u00edas h\u00e1biles seg\u00fan la ciudad donde esperes tu pedido. Cuando diligencies los datos de env\u00edo selecciona la ciudad de entrega y all\u00ed te aparecer\u00e1 el tiempo de entrega estimado.<br \/>\u00bfC\u00f3mo puedo hacer seguimiento de mi pedido? \u00bb<br \/>En \u201cMis Pedidos\u201d, en la parte superior derecha de la p\u00e1gina, o comun\u00edcate con nosotros a trav\u00e9s de nuestro Sitio Web (www.fajasdannas.us), en nuestra l\u00ednea de Servicio al Cliente al +1 (786) 222-2590 en nuestro Chat de lunes a viernes de 7:00 a.m. a 5:00 p.m.<br \/>Comet\u00ed un error en la digitaci\u00f3n de la direcci\u00f3n de entre del producto, \u00bfqu\u00e9 hago si quiero cambiarla? \u00bb<br \/>Comun\u00edcate con nuestra \u00c1rea de Servicio al Cliente a trav\u00e9s de nuestro Sitio Web (www.fajasdannas.us), en nuestra l\u00ednea de Servicio al Cliente al +1 (786) 222-2590, en nuestro Chat de lunes a viernes de 7:00 a.m. a 5:00 p.m., o trav\u00e9s de nuestro correo info@fajasdannas.us Ten presente que despu\u00e9s que el producto est\u00e9 facturado o enviado, no se pueden realizar cambio de direcci\u00f3n.<br \/>\u00bfQu\u00e9 hago si no estaba en el momento de la entrega? \u00bb<br \/>Si no est\u00e1s para recibir tu pedido la transportadora podr\u00e1 dejarlo con cualquier persona mayor de edad que se encuentre en el domicilio registrado. Si no hay nadie para recibir el pedido, se realizar\u00e1 un nuevo intento de entrega al siguiente d\u00eda h\u00e1bil. La transportadora realizar\u00e1 hasta 2 intentos de entrega antes de ser devuelto a nuestras bodegas.<br \/>\u00bfD\u00f3nde me puedo comunicar si mi pedido se demora m\u00e1s de lo normal? \u00bb<br \/>Comun\u00edcate con nuestra \u00c1rea de Servicio al Cliente a trav\u00e9s de nuestro Sitio Web (www.fajasdannas.us), en nuestra l\u00ednea de Servicio al Cliente al +1 (786) 222-2590, en nuestro Chat de lunes a viernes de 7:00 a.m. a 5:00 p.m., o trav\u00e9s de nuestro correo info@fajasdannas.us Debes tener en cuenta que la informaci\u00f3n para el rastreo de tu pedido puede tardarse en estar disponible entre 24 y 48 horas despu\u00e9s que hayas recibido el correo de confirmaci\u00f3n de env\u00edo. Si han pasado m\u00e1s de 48 horas y a\u00fan no puedes rastrear tu orden comun\u00edcate con nosotros.<\/p><\/div>\n\t\t\t\t<\/div>\n\t\t\t\t\t\t\t\t<\/div>\n\t\t\t\t\t\t<\/div>\n\t\t\t\t<\/div>\n\t\t\t\t\t<\/div>\n\t\t<\/div>\n\t\t\t\t\t<\/div>\n\t\t<\/section>\n\t\t\t\t<\/div>\n\t\t","protected":false},"excerpt":{"rendered":"<p>Contact Info \u00a1Gracias por su inter\u00e9s en Fajas Danna! Estamos aqu\u00ed para ayudarte en todo lo que necesites. Si tienes preguntas, comentarios o necesitas asistencia, por favor no dudes en ponerte en contacto con nosotros. Address 3801 N University Dr, Sunrise, FL 33351, EE. UU. Phone Number +1 786 326 8781 E-mail Address fajasdannasdmg@yahoo.es Working [&hellip;]<\/p>\n","protected":false},"author":1,"featured_media":695,"parent":0,"menu_order":0,"comment_status":"closed","ping_status":"closed","template":"","meta":{"footnotes":""},"class_list":["post-41","page","type-page","status-publish","has-post-thumbnail","hentry"],"_links":{"self":[{"href":"https:\/\/fajasdannas.us\/index.php\/wp-json\/wp\/v2\/pages\/41","targetHints":{"allow":["GET"]}}],"collection":[{"href":"https:\/\/fajasdannas.us\/index.php\/wp-json\/wp\/v2\/pages"}],"about":[{"href":"https:\/\/fajasdannas.us\/index.php\/wp-json\/wp\/v2\/types\/page"}],"author":[{"embeddable":true,"href":"https:\/\/fajasdannas.us\/index.php\/wp-json\/wp\/v2\/users\/1"}],"replies":[{"embeddable":true,"href":"https:\/\/fajasdannas.us\/index.php\/wp-json\/wp\/v2\/comments?post=41"}],"version-history":[{"count":0,"href":"https:\/\/fajasdannas.us\/index.php\/wp-json\/wp\/v2\/pages\/41\/revisions"}],"wp:featuredmedia":[{"embeddable":true,"href":"https:\/\/fajasdannas.us\/index.php\/wp-json\/wp\/v2\/media\/695"}],"wp:attachment":[{"href":"https:\/\/fajasdannas.us\/index.php\/wp-json\/wp\/v2\/media?parent=41"}],"curies":[{"name":"wp","href":"https:\/\/api.w.org\/{rel}","templated":true}]}}