{"id":9,"date":"2022-06-21T17:45:00","date_gmt":"2022-06-21T17:45:00","guid":{"rendered":"https:\/\/fajasdannas.us\/?page_id=9"},"modified":"2023-04-29T01:17:58","modified_gmt":"2023-04-29T01:17:58","slug":"wishlist","status":"publish","type":"page","link":"https:\/\/fajasdannas.us\/index.php\/wishlist\/","title":{"rendered":"Wishlist"},"content":{"rendered":"<p>In Dubai, there are many professional and beautiful women working in a variety of industries. They are horny and eager to hook up with a good looking man who <a href=\"https:\/\/dubaiescortstate.com\/\">escort dubai<\/a> appreciates their intelligence and career success.<\/p><p>Wie bei den meisten Dingen im Leben k\u00f6nnen Sie keine direkte Antwort erhalten, wenn es darum geht, Ihre Hausaufgaben zu schreiben. Der endg\u00fcltige Preis h\u00e4ngt von einer Reihe von Faktoren ab, einschlie\u00dflich <a href=\"https:\/\/hausarbeiten-schreiben-lassen.com\/hausarbeit-schreiben-lassen-kosten\/\">hausarbeit schreiben lassen kosten<\/a> des akademischen Niveaus, der Komplexit\u00e4t und der Fristen. Vertrauensw\u00fcrdige Unternehmen verwenden transparente und flexible Preissysteme, damit die Sch\u00fcler die besten Preise f\u00fcr ihre Aufgaben erhalten k\u00f6nnen.<\/p><p>Dubai has one of the biggest variety of escorts from different parts of the world. The city is a playground for sex tourist and if you have the money, you can find some very sexy ladies.The sex  <a href=\"https:\/\/dubaiescortstate.com\/\">escort in dubai<\/a> industry in Dubai is a lucrative business, allowing sex workers to make tens of thousands or even hundreds of thousands of euros. However, it is a highly dangerous industry, largely ignored by law enforcement.<\/p><p>There&#8217;s a lot more to the world of new york escorts than just getting hitched or having a night of erotic dancing. They are the <a href=\"https:\/\/nycescortmodels.com\/\">new york escorts<\/a> perfect match for any special occasion you can imagine &#8211; from a bachelor party to a sexy date with your favorite woman.<\/p><p>[yith_wcwl_wishlist]<\/p>\n<p>Die Ghostwriter -Preise variieren je nach Schriftsteller und der Art der Arbeit, die Sie ben\u00f6tigen. Ein guter Ghostwriter kostet zwischen 40.000 und 70.000 US-Dollar f\u00fcr ein umfassendes Projekt.Basierend auf <a href=\"https:\/\/premiumghostwriter.de\/preise\/\">ghostwriter preise<\/a> 2021 Daten von Reedsy berechnen Ghostwriters \u00fcber 30 Cent ein Wort zum Schreiben von Memoiren und Manuskripten f\u00fcr die Kinderfiktion k\u00f6nnen die Raten von nur 24 Cent ein Wort sehen.<\/p><p>Die erste wesentliche wissenschaftliche Arbeit vieler Bachelor -Studenten ist die Bachelor -These. Dies erfordert h\u00e4ufig umfangreiche praktische Arbeiten, insbesondere wenn es um Literaturforschung und die Bewertung von <a href=\"https:\/\/arbeitschreibenlassen.com\/bachelorarbeit-schreiben-lassen-mit-garant-fur-erfolg\/\">ghostwriting bachelorarbeit<\/a> Quellen und Daten geht.Das Schreiben der These eines Bachelor ist eine Aufgabe, die schnell die Zeit des Sch\u00fclers in Anspruch nehmen kann. Dar\u00fcber hinaus kann der daraus resultierende Stress zu Inhalten und formellen Fehlern f\u00fchren.<\/p><p>Professionelle Ghostwriting -Agenturen k\u00f6nnen dazu beitragen, ein fertiges Manuskript zu erstellen. Wenn Sie sich um viele der verschiedenen Schritte k\u00fcmmern, k\u00f6nnen sie <a href=\"https:\/\/akadeule.de\/\">ghostwriter agentur<\/a> Kunden Zeit, M\u00fche, Arbeit und Liebe zum Detail ersparen.<\/p>","protected":false},"excerpt":{"rendered":"<p>In Dubai, there are many professional and beautiful women working in a variety of industries. They are horny and eager to hook up with a good looking man who escort dubai appreciates their intelligence and career success. Wie bei den meisten Dingen im Leben k\u00f6nnen Sie keine direkte Antwort erhalten, wenn es darum geht, Ihre [&hellip;]<\/p>\n","protected":false},"author":1,"featured_media":0,"parent":0,"menu_order":0,"comment_status":"closed","ping_status":"closed","template":"","meta":{"footnotes":""},"class_list":["post-9","page","type-page","status-publish","hentry"],"_links":{"self":[{"href":"https:\/\/fajasdannas.us\/index.php\/wp-json\/wp\/v2\/pages\/9","targetHints":{"allow":["GET"]}}],"collection":[{"href":"https:\/\/fajasdannas.us\/index.php\/wp-json\/wp\/v2\/pages"}],"about":[{"href":"https:\/\/fajasdannas.us\/index.php\/wp-json\/wp\/v2\/types\/page"}],"author":[{"embeddable":true,"href":"https:\/\/fajasdannas.us\/index.php\/wp-json\/wp\/v2\/users\/1"}],"replies":[{"embeddable":true,"href":"https:\/\/fajasdannas.us\/index.php\/wp-json\/wp\/v2\/comments?post=9"}],"version-history":[{"count":0,"href":"https:\/\/fajasdannas.us\/index.php\/wp-json\/wp\/v2\/pages\/9\/revisions"}],"wp:attachment":[{"href":"https:\/\/fajasdannas.us\/index.php\/wp-json\/wp\/v2\/media?parent=9"}],"curies":[{"name":"wp","href":"https:\/\/api.w.org\/{rel}","templated":true}]}}