{"id":3160,"date":"2023-11-13T19:24:04","date_gmt":"2023-11-13T19:24:04","guid":{"rendered":"https:\/\/fajasdannas.us\/?post_type=product&#038;p=3160"},"modified":"2023-12-09T17:22:48","modified_gmt":"2023-12-09T17:22:48","slug":"allure-in-one-bodysuit","status":"publish","type":"product","link":"https:\/\/fajasdannas.us\/index.php\/product\/allure-in-one-bodysuit\/","title":{"rendered":"Allure in One: Front-Closure Bodysuit with High Back and Straps"},"content":{"rendered":"<p><span style=\"vertical-align: inherit;\"><span style=\"vertical-align: inherit;\"><span style=\"vertical-align: inherit;\"><span style=\"vertical-align: inherit;\">Adem\u00e1s, incluye:<\/span><\/span><\/span><\/span><\/p>\n<p><span style=\"vertical-align: inherit;\"><span style=\"vertical-align: inherit;\"><span style=\"vertical-align: inherit;\"><span style=\"vertical-align: inherit;\">Cobertura total de la espalda y correas ajustables: permite la personalizaci\u00f3n con correas anchas y ajustables para un ajuste personalizado. <\/span><\/span><\/span><\/span><br \/>\n<span style=\"vertical-align: inherit;\"><span style=\"vertical-align: inherit;\"><span style=\"vertical-align: inherit;\"><span style=\"vertical-align: inherit;\">Cierre frontal de tres filas: Facilita el ajuste de talla seg\u00fan las preferencias individuales. <\/span><\/span><\/span><\/span><br \/>\n<span style=\"vertical-align: inherit;\"><span style=\"vertical-align: inherit;\"><span style=\"vertical-align: inherit;\"><span style=\"vertical-align: inherit;\">Refuerzos abdominales y soporte de zona espec\u00edfica: Proporciona refuerzos abdominales y soporte adicional en las zonas sacro-lumbar y gl\u00fatea para una mejor reducci\u00f3n y levantamiento. <\/span><\/span><\/span><\/span><br \/>\n<span style=\"vertical-align: inherit;\"><span style=\"vertical-align: inherit;\"><span style=\"vertical-align: inherit;\"><span style=\"vertical-align: inherit;\">Cremallera perineal: Permite las visitas al ba\u00f1o con total facilidad y tranquilidad. <\/span><\/span><\/span><\/span><br \/>\n<span style=\"vertical-align: inherit;\"><span style=\"vertical-align: inherit;\"><span style=\"vertical-align: inherit;\"><span style=\"vertical-align: inherit;\">Detalles de encaje y piernas contorneadas de silicona: Agrega un toque elegante con detalles de encaje en el contorno de la pierna, mientras que la banda de silicona asegura un ajuste perfecto a la piel, evitando que se enrolle y asegurando discreci\u00f3n. <\/span><\/span><\/span><\/span><br \/>\n<span style=\"vertical-align: inherit;\"><span style=\"vertical-align: inherit;\"><span style=\"vertical-align: inherit;\"><span style=\"vertical-align: inherit;\">L\u00ednea Especial de Alta Compresi\u00f3n &#8211; Curvi Plus: Especialmente dise\u00f1ada para personas con cuerpos en forma de pera, caracterizadas por cinturas peque\u00f1as y caderas prominentes.<\/span><\/span><\/span><\/span><\/p>\n","protected":false},"excerpt":{"rendered":"<div class=\"flex flex-grow flex-col max-w-full gap-3 gizmo:gap-0\">\n<div class=\"min-h-[20px] text-message peer flex flex-col items-start gap-3 whitespace-pre-wrap break-words peer-[.text-message]:mt-5 overflow-x-auto\" data-message-author-role=\"assistant\" data-message-id=\"f6fbadd6-acc6-4014-9b37-97428e302fb7\">\n<div class=\"markdown prose w-full break-words dark:prose-invert dark\">\n<p><span style=\"vertical-align: inherit;\"><span style=\"vertical-align: inherit;\"><span style=\"vertical-align: inherit;\"><span style=\"vertical-align: inherit;\">Este body de cobertura total con tirantes traseros ajustables presenta un cierre frontal de tres filas y una cremallera perineal. <\/span><\/span><\/span><span style=\"vertical-align: inherit;\"><span style=\"vertical-align: inherit;\"><span style=\"vertical-align: inherit;\">Dise\u00f1ado para adaptarse a las preferencias de cada mujer, ya sea que est\u00e9 experimentando una transformaci\u00f3n corporal o buscando realzar una figura curvil\u00ednea. <\/span><\/span><\/span><span style=\"vertical-align: inherit;\"><span style=\"vertical-align: inherit;\"><span style=\"vertical-align: inherit;\">La prenda destaca por sus costuras invisibles, largas y busto adecuadas.<\/span><\/span><\/span><\/span><\/p>\n<\/div>\n<\/div>\n<\/div>\n<div class=\"flex justify-between empty:hidden gizmo:mt-1 gizmo:justify-start gizmo:gap-3 lg:block gizmo:lg:flex\">\n<div class=\"text-gray-400 flex self-end lg:self-center justify-center gizmo:lg:justify-start mt-2 gizmo:mt-0 visible gap-1\"><\/div>\n<\/div>\n","protected":false},"featured_media":3162,"comment_status":"open","ping_status":"closed","template":"","meta":[],"product_brand":[],"product_cat":[85],"product_tag":[],"class_list":{"0":"post-3160","1":"product","2":"type-product","3":"status-publish","4":"has-post-thumbnail","6":"product_cat-body","8":"first","9":"instock","10":"taxable","11":"shipping-taxable","12":"purchasable","13":"product-type-variable"},"_links":{"self":[{"href":"https:\/\/fajasdannas.us\/index.php\/wp-json\/wp\/v2\/product\/3160","targetHints":{"allow":["GET"]}}],"collection":[{"href":"https:\/\/fajasdannas.us\/index.php\/wp-json\/wp\/v2\/product"}],"about":[{"href":"https:\/\/fajasdannas.us\/index.php\/wp-json\/wp\/v2\/types\/product"}],"replies":[{"embeddable":true,"href":"https:\/\/fajasdannas.us\/index.php\/wp-json\/wp\/v2\/comments?post=3160"}],"wp:featuredmedia":[{"embeddable":true,"href":"https:\/\/fajasdannas.us\/index.php\/wp-json\/wp\/v2\/media\/3162"}],"wp:attachment":[{"href":"https:\/\/fajasdannas.us\/index.php\/wp-json\/wp\/v2\/media?parent=3160"}],"wp:term":[{"taxonomy":"product_brand","embeddable":true,"href":"https:\/\/fajasdannas.us\/index.php\/wp-json\/wp\/v2\/product_brand?post=3160"},{"taxonomy":"product_cat","embeddable":true,"href":"https:\/\/fajasdannas.us\/index.php\/wp-json\/wp\/v2\/product_cat?post=3160"},{"taxonomy":"product_tag","embeddable":true,"href":"https:\/\/fajasdannas.us\/index.php\/wp-json\/wp\/v2\/product_tag?post=3160"}],"curies":[{"name":"wp","href":"https:\/\/api.w.org\/{rel}","templated":true}]}}