{"id":531,"date":"2022-06-21T20:41:13","date_gmt":"2022-06-21T20:41:13","guid":{"rendered":"https:\/\/fajasdannas.us\/?post_type=product&#038;p=531"},"modified":"2023-12-08T21:34:22","modified_gmt":"2023-12-08T21:34:22","slug":"knee-length-body-shaper-with-bust-cups-arm-to-elbow-coverage-front-center-brooches-zipper-and-perineal-opening","status":"publish","type":"product","link":"https:\/\/fajasdannas.us\/index.php\/product\/knee-length-body-shaper-with-bust-cups-arm-to-elbow-coverage-front-center-brooches-zipper-and-perineal-opening\/","title":{"rendered":"Knee-Length Body Shaper with Bust Cups, Arm to Elbow Coverage, Front-Center Brooches, Zipper, and Perineal Opening"},"content":{"rendered":"<p><span style=\"vertical-align: inherit;\"><span style=\"vertical-align: inherit;\">Adem\u00e1s, ofrece:<\/span><\/span><\/p>\n<ol>\n<li><span style=\"vertical-align: inherit;\"><span style=\"vertical-align: inherit;\">Copas preformadas sin costuras para una cobertura total del busto.<\/span><\/span><\/li>\n<li><span style=\"vertical-align: inherit;\"><span style=\"vertical-align: inherit;\">Cierres de tres filas que permiten ajustar el tama\u00f1o seg\u00fan las preferencias personales.<\/span><\/span><\/li>\n<li><span style=\"vertical-align: inherit;\"><span style=\"vertical-align: inherit;\">Cobertura hasta los codos, ideal para quienes buscan cobertura adicional en esta zona.<\/span><\/span><\/li>\n<li><span style=\"vertical-align: inherit;\"><span style=\"vertical-align: inherit;\">Refuerzos abdominales y soporte adicional en las regiones sacro-lumbar y gl\u00fatea para una mejor reducci\u00f3n y elevaci\u00f3n.<\/span><\/span><\/li>\n<li><span style=\"vertical-align: inherit;\"><span style=\"vertical-align: inherit;\">Una cremallera perineal para visitas c\u00f3modas al ba\u00f1o con tranquilidad.<\/span><\/span><\/li>\n<li><span style=\"vertical-align: inherit;\"><span style=\"vertical-align: inherit;\">Detalle de encaje a lo largo del contorno de la pierna, con una banda de silicona para ajustarse c\u00f3modamente a la piel, evitando que la faja se mueva.<\/span><\/span><\/li>\n<li><span style=\"vertical-align: inherit;\"><span style=\"vertical-align: inherit;\">Esta faja moldeadora pertenece a nuestra l\u00ednea especial &#8216;Curvi Plus&#8217; de alta compresi\u00f3n, dise\u00f1ada para figuras con forma de pera; <\/span><span style=\"vertical-align: inherit;\">Se caracteriza por cinturas peque\u00f1as y caderas generosas.&#8221;<\/span><\/span><\/li>\n<\/ol>\n","protected":false},"excerpt":{"rendered":"<p><span style=\"vertical-align: inherit;\"><span style=\"vertical-align: inherit;\">&#8220;La referencia 13672 es una faja moldeadora hasta la rodilla con copas preformadas, cobertura de brazos hasta el codo, cobertura completa de la espalda, cierres frontales centrales de tres filas y cremallera perineal. Es perfecta y ajustable para adaptarse a las preferencias de cada mujer sometida o considerando la transformaci\u00f3n del cuerpo hacia una silueta m\u00e1s definida, realzando su belleza natural en una figura de curvas, adem\u00e1s, esta prenda es recomendada por su dise\u00f1o sin costuras y hasta la rodilla, apto para combinar con prendas un poco m\u00e1s conservadoras.<\/span><\/span><\/p>\n","protected":false},"featured_media":2652,"comment_status":"open","ping_status":"closed","template":"","meta":[],"product_brand":[],"product_cat":[113],"product_tag":[],"class_list":{"0":"post-531","1":"product","2":"type-product","3":"status-publish","4":"has-post-thumbnail","6":"product_cat-brooches","8":"first","9":"instock","10":"taxable","11":"shipping-taxable","12":"purchasable","13":"product-type-variable"},"_links":{"self":[{"href":"https:\/\/fajasdannas.us\/index.php\/wp-json\/wp\/v2\/product\/531","targetHints":{"allow":["GET"]}}],"collection":[{"href":"https:\/\/fajasdannas.us\/index.php\/wp-json\/wp\/v2\/product"}],"about":[{"href":"https:\/\/fajasdannas.us\/index.php\/wp-json\/wp\/v2\/types\/product"}],"replies":[{"embeddable":true,"href":"https:\/\/fajasdannas.us\/index.php\/wp-json\/wp\/v2\/comments?post=531"}],"wp:featuredmedia":[{"embeddable":true,"href":"https:\/\/fajasdannas.us\/index.php\/wp-json\/wp\/v2\/media\/2652"}],"wp:attachment":[{"href":"https:\/\/fajasdannas.us\/index.php\/wp-json\/wp\/v2\/media?parent=531"}],"wp:term":[{"taxonomy":"product_brand","embeddable":true,"href":"https:\/\/fajasdannas.us\/index.php\/wp-json\/wp\/v2\/product_brand?post=531"},{"taxonomy":"product_cat","embeddable":true,"href":"https:\/\/fajasdannas.us\/index.php\/wp-json\/wp\/v2\/product_cat?post=531"},{"taxonomy":"product_tag","embeddable":true,"href":"https:\/\/fajasdannas.us\/index.php\/wp-json\/wp\/v2\/product_tag?post=531"}],"curies":[{"name":"wp","href":"https:\/\/api.w.org\/{rel}","templated":true}]}}